{"id":9,"date":"2019-01-28T19:14:25","date_gmt":"2019-01-28T18:14:25","guid":{"rendered":"http:\/\/udzbanu.cz\/en\/?page_id=9"},"modified":"2019-01-28T19:15:16","modified_gmt":"2019-01-28T18:15:16","slug":"home","status":"publish","type":"page","link":"https:\/\/udzbanu.cz\/en\/","title":{"rendered":"Home"},"content":{"rendered":"<section id=\"our-menu\" class=\"section-block\">\n\t<div class=\"center\">\n\t\t<div class=\"section-title v1\">\n\t\t\t<p class=\"subtitle color-pr-tx\">Selection<\/p>\n\t\t<h3 class=\"font-heading\"> From Our Menu<\/h3>\t\t\n<\/div>\t\t\t\t\t<ul class=\"dishes-menu cols-2 margin-large large-imgs drop-style \">\n\t\t\t\t\t\t\t\t\t<li class=\"menu-item post-36 dishes_menu type-dishes_menu status-publish hentry dishes_categories-specialties-spezialitaten\">\n\t\t<div class=\"description\">\n\t\t<span class=\"dm-price font-title color-content color-pr-tx\">289 <span class=\"currency\">K\u010d<\/span><\/span>\t\t\t\n\t\t\t\t\t<h2 class=\"color-content\"><span class=\"title font-title\">VEP\u0158OV\u00c1 \u017dEB\u00cdRKA BBQ<\/span>\t\t\t<span class=\"highlight-text color-pr-bg\">700g<\/span>\n\t\t<\/h2>\n\t\t\t\t<div class=\"dots\">\n\t\t\t\t\n\t\t\t\t\t\t\t\t<h2><strong><span style=\"color: #ff9900;\"><span style=\"vertical-align: inherit;\"><span style=\"vertical-align: inherit;\">BBQ vep\u0159ov\u00e1 \u017eeb\u00edrka<\/span><\/span><\/span><\/strong><\/h2>\n<h5><em><span style=\"vertical-align: inherit;\"><span style=\"vertical-align: inherit;\">marinovan\u00e9 24 hodin, pomalu op\u00e9kan\u00e9 a hotov\u00e9 na grilu<\/span><\/span><\/em><\/h5>\n<h2><strong><span style=\"color: #ff9900;\"><span style=\"vertical-align: inherit;\"><span style=\"vertical-align: inherit;\">GEBRATENES BARBECUE-SCHWEINERIPPCHEN<\/span><\/span><\/span><\/strong><\/h2>\n<h5><em><span style=\"vertical-align: inherit;\"><span style=\"vertical-align: inherit;\">24 Stunden mariniert, langsam gebraten und schlie\u00dflich gegrillt<\/span><\/span><\/em><\/h5>\n\t\t<\/div>\n\t\t\t<\/div>\n<\/li>\t\t\t\t\t\t\t\t\t<li class=\"menu-item post-121 dishes_menu type-dishes_menu status-publish hentry dishes_categories-side-dishes-beilagen\">\n\t\t<div class=\"description\">\n\t\t<span class=\"dm-price font-title color-content color-pr-tx\">45 <span class=\"currency\">K\u010d<\/span><\/span>\t\t\t\n\t\t\t\t\t<h2 class=\"color-content\"><span class=\"title font-title\">AMERICK\u00c9 Brambory<\/span><\/h2>\n\t\t\t\t<div class=\"dots\">\n\t\t\t\t\n\t\t\t\t\t\t\t\t<p><strong>AMERICAN POTATOES \/ AMERIKANISCHE KARTOFFELN<\/strong><\/p>\n\t\t<\/div>\n\t\t\t<\/div>\n<\/li>\t\t\t\t\t\t\t\t\t<li class=\"menu-item post-98 dishes_menu type-dishes_menu status-publish hentry dishes_categories-b-u-r-g-e-r-s\">\n\t\t<div class=\"description\">\n\t\t<span class=\"dm-price font-title color-content color-pr-tx\">299 <span class=\"currency\">K\u010d<\/span><\/span>\t\t\t\n\t\t\t\t\t<h2 class=\"color-content\"><span class=\"title font-title\">JALAPENOS<\/span>\t\t\t<span class=\"highlight-text color-pr-bg\">200g<\/span>\n\t\t<\/h2>\n\t\t\t\t<div class=\"dots\">\n\t\t\t\t\n\t\t\t\t\t\t\t\t<p><em>LETTUCE LEAVES, \u00a0JALAPENO PEPPERS, TOMATOE, SMOKIE SAUCE<\/em><\/p>\n<p><em>BLATTSALAT, JALAPENO-PAPRIKA, TOMATE, RAUCH-MAYONNAISE<\/em><\/p>\n\t\t<\/div>\n\t\t\t<\/div>\n<\/li>\t\t\t\t\t\t\t\t\t<li class=\"menu-item post-20 dishes_menu type-dishes_menu status-publish hentry dishes_categories-starters-vorspeisen\">\n\t\t<div class=\"description\">\n\t\t<span class=\"dm-price font-title color-content color-pr-tx\">99 <span class=\"currency\">K\u010d<\/span><\/span>\t\t\t\n\t\t\t\t\t<h2 class=\"color-content\"><span class=\"title font-title\">UTOPEN\u00c9 BU\u0158T\u00cdKY V PIKANTN\u00cdM N\u00c1LEVU<\/span>\t\t\t<span class=\"highlight-text color-pr-bg\">                                   <\/span>\n\t\t<\/h2>\n\t\t\t\t<div class=\"dots\">\n\t\t\t\t\n\t\t\t\t\t\t\t\t<h2><strong><span style=\"color: #ff9900;\"><span style=\"vertical-align: inherit;\"><span style=\"vertical-align: inherit;\">VYBRAN\u00cd \u201eUTONUT\u00cd MU\u017dI\u201c<\/span><\/span><\/span><\/strong><\/h2>\n<h5><em><span style=\"vertical-align: inherit;\"><span style=\"vertical-align: inherit;\">Klob\u00e1sy, cibule, zel\u00ed, okurka, feferonky<\/span><\/span><\/em><\/h5>\n<h2><strong><span style=\"color: #ff9900;\"><span style=\"vertical-align: inherit;\"><span style=\"vertical-align: inherit;\">ERTRUNKENE SPECKWURST MIT PIKANTEN AUFGUSS<\/span><\/span><\/span><\/strong><\/h2>\n<h5><em><span style=\"vertical-align: inherit;\"><span style=\"vertical-align: inherit;\">Eingelegte Wurst, W\u00fcrstchen, Zwiebeln, Kohl, Gurken, Peperoni<\/span><\/span><\/em><\/h5>\n<p><em>\u00a0<\/em><\/p>\n<h5><\/h5>\n\t\t<\/div>\n\t\t\t<\/div>\n<\/li>\t\t\t\t\t\t\t\t\t<li class=\"menu-item post-70 dishes_menu type-dishes_menu status-publish hentry dishes_categories-pork-or-chicken-steaks\">\n\t\t<div class=\"description\">\n\t\t<span class=\"dm-price font-title color-content color-pr-tx\">249 <span class=\"currency\">K\u010d<\/span><\/span>\t\t\t\n\t\t\t\t\t<h2 class=\"color-content\"><span class=\"title font-title\">KU\u0158EC\u00cd STEAK NA RUKOLOV\u00c9M SAL\u00c1TKU<\/span>\t\t\t<span class=\"highlight-text color-pr-bg\">200g<\/span>\n\t\t<\/h2>\n\t\t\t\t<div class=\"dots\">\n\t\t\t\t\n\t\t\t\t\t\t\t\t<h6>GRILLED STEAK WITH RUCOLA SALAD<em>\u00a0\u00a0\u00a0\u00a0\u00a0\u00a0\u00a0\u00a0\u00a0\u00a0\u00a0\u00a0\u00a0\u00a0\u00a0\u00a0\u00a0\u00a0\u00a0\u00a0\u00a0\u00a0\u00a0\u00a0\u00a0\u00a0\u00a0\u00a0\u00a0\u00a0\u00a0\u00a0\u00a0\u00a0\u00a0\u00a0\u00a0\u00a0\u00a0\u00a0\u00a0\u00a0\u00a0\u00a0\u00a0\u00a0\u00a0\u00a0\u00a0\u00a0\u00a0\u00a0\u00a0\u00a0\u00a0\u00a0\u00a0\u00a0\u00a0\u00a0 \u00a0\u00a0\u00a0\u00a0\u00a0\u00a0 <\/em><\/h6>\n<h6><em>GEGRILLT STEAK MIT RUCOLA-SALAD<\/em><\/h6>\n\t\t<\/div>\n\t\t\t<\/div>\n<\/li>\t\t\t\t\t\t\t\t\t<li class=\"menu-item post-85 dishes_menu type-dishes_menu status-publish hentry dishes_categories-fish-fischgerichte\">\n\t\t<div class=\"description\">\n\t\t<span class=\"dm-price font-title color-content color-pr-tx\">289 <span class=\"currency\">K\u010d<\/span><\/span>\t\t\t\n\t\t\t\t\t<h2 class=\"color-content\"><span class=\"title font-title\">STEAK Z LOSOSA<\/span>\t\t\t<span class=\"highlight-text color-pr-bg\">200g<\/span>\n\t\t<\/h2>\n\t\t\t\t<div class=\"dots\">\n\t\t\t\t\n\t\t\t\t\t\t\t\t<h6><em><span style=\"color: #000000;\"><span style=\"vertical-align: inherit;\"><span style=\"vertical-align: inherit;\"><span style=\"vertical-align: inherit;\"><span style=\"vertical-align: inherit;\">SALMON STEAK served with lemon <\/span><\/span><\/span><\/span><\/span><\/em><\/h6>\n<h6><em><span style=\"color: #000000;\"><span style=\"vertical-align: inherit;\"><span style=\"vertical-align: inherit;\"><span style=\"vertical-align: inherit;\"><span style=\"vertical-align: inherit;\">LACHSSTEAK\u00a0 <\/span><\/span><\/span><\/span><\/span><\/em><em><span style=\"color: #000000;\"><span style=\"vertical-align: inherit;\"><span style=\"vertical-align: inherit;\"><span style=\"vertical-align: inherit;\"><span style=\"vertical-align: inherit;\">mit Zitrone serviert<\/span><\/span><\/span><\/span><\/span><\/em><\/h6>\n\t\t<\/div>\n\t\t\t<\/div>\n<\/li>\t\t\t\t\t\t\t<\/ul>\n\t\t\t\t\t\t\t<div class=\"view-full-menu\">\n\t\t\t\t<a href=\"http:\/\/udzbanu.cz\/our-menu\/\" class=\"btn btn-transparent btn-lg\">View Full Menu<\/a>\n\t\t\t<\/div>\n\t\t\t<\/div>\n<\/section>\n\n\t\n\t\t<section class=\"short-info  color-content-inverse\" style=\" \">\n\t\t\t\t\t\t<div class=\"center\">\n\t\t\t\t\t\t\t\t\t<h2 class=\"font-heading\">Reservations: (+420) 220 560 123<\/h2>\n\t\t\t\t\t\t\t<\/div>\n\t\t\t\t\t<\/section>\n\t\n<p><iframe style=\"border: 0px currentColor;\" src=\"https:\/\/www.google.com\/maps\/embed?pb=!1m18!1m12!1m3!1d2559.685856240152!2d14.32440091517545!3d50.09216822099754!2m3!1f0!2f0!3f0!3m2!1i1024!2i768!4f13.1!3m3!1m2!1s0x470bbfcf9d488747%3A0x5b46a201578e32e!2sJene%C4%8Dsk%C3%A1+226%2F20%2C+161+00+Praha+6-Liboc!5e0!3m2!1scs!2scz!4v1531217607441\" width=\"600\" height=\"450\" frameborder=\"0\" allowfullscreen=\"allowfullscreen\" data-mce-fragment=\"1\"><\/iframe><\/p>\n","protected":false},"excerpt":{"rendered":"","protected":false},"author":1,"featured_media":0,"parent":0,"menu_order":0,"comment_status":"closed","ping_status":"closed","template":"page-full-width.php","meta":[],"_links":{"self":[{"href":"https:\/\/udzbanu.cz\/en\/wp-json\/wp\/v2\/pages\/9"}],"collection":[{"href":"https:\/\/udzbanu.cz\/en\/wp-json\/wp\/v2\/pages"}],"about":[{"href":"https:\/\/udzbanu.cz\/en\/wp-json\/wp\/v2\/types\/page"}],"author":[{"embeddable":true,"href":"https:\/\/udzbanu.cz\/en\/wp-json\/wp\/v2\/users\/1"}],"replies":[{"embeddable":true,"href":"https:\/\/udzbanu.cz\/en\/wp-json\/wp\/v2\/comments?post=9"}],"version-history":[{"count":2,"href":"https:\/\/udzbanu.cz\/en\/wp-json\/wp\/v2\/pages\/9\/revisions"}],"predecessor-version":[{"id":12,"href":"https:\/\/udzbanu.cz\/en\/wp-json\/wp\/v2\/pages\/9\/revisions\/12"}],"wp:attachment":[{"href":"https:\/\/udzbanu.cz\/en\/wp-json\/wp\/v2\/media?parent=9"}],"curies":[{"name":"wp","href":"https:\/\/api.w.org\/{rel}","templated":true}]}}